{"id":4224,"date":"2021-05-04T09:47:28","date_gmt":"2021-05-04T07:47:28","guid":{"rendered":"https:\/\/www.gaugele.com\/?page_id=4224"},"modified":"2021-12-06T11:19:25","modified_gmt":"2021-12-06T10:19:25","slug":"%d0%b2%d1%8b%d1%85%d0%be%d0%b4%d0%bd%d1%8b%d0%b5-%d1%81%d0%b2%d0%b5%d0%b4%d0%b5%d0%bd%d0%b8%d1%8f","status":"publish","type":"page","link":"https:\/\/www.gaugele.com\/ru\/%d0%b2%d1%8b%d1%85%d0%be%d0%b4%d0%bd%d1%8b%d0%b5-%d1%81%d0%b2%d0%b5%d0%b4%d0%b5%d0%bd%d0%b8%d1%8f\/","title":{"rendered":"\u0412\u044b\u0445\u043e\u0434\u043d\u044b\u0435 \u0441\u0432\u0435\u0434\u0435\u043d\u0438\u044f"},"content":{"rendered":"\n<p class=\"has-large-font-size\">Impressum Gaugele GmbH<\/p>\n\n\n\n<p><strong><em>GAUGELE GMBH<\/em><\/strong><br>Seeshaupter Str. 20<br>82393 Iffeldorf<\/p>\n\n\n\n<p class=\"no-textdecoration\">Tel:  <a href=\"tel:&#048;&#x30;&#x34;9&#056;&#x38;5&#054;&#x39;&#x33;6&#054;&#x30;\">+4&#57;&#40;&#48;&#x29;&#x38;&#x38;&#x35;&#x36;\/9&#51;&#54;&#54;&#x2d;&#x30;<\/a><br>Fax: &#x2b;&#x34;&#x39;&#40;&#48;)8&#x38;&#x35;&#x36;&#47;&#57;36&#x36;&#x2d;&#x31;&#50;&#51; <\/p>\n\n\n\n<p class=\"no-textdecoration\"><a href=\"&#109;a&#x69;l&#x74;o&#x3a;i&#x6e;f&#x6f;&#64;&#x67;&#97;&#x75;&#103;&#x65;&#108;&#x65;&#46;&#x63;&#111;&#x6d;\">&#x69;&#x6e;&#x66;&#x6f;&#x40;&#x67;&#x61;&#x75;&#x67;&#x65;&#x6c;&#101;&#46;&#99;&#111;&#109;<\/a><br><a href=\"http:\/\/www.gaugele.com\">www.gaugele.com<\/a><br><br>Inhaltlich Verantwortliche gem. Paragraph 10 Absatz 3 MDStV:<br><strong><em><br>Hermann Gaugele Jun.<\/em><\/strong><br>GAUGELE GMBH<br>Seeshaupter Str.20<br>82393 Iffeldorf<\/p>\n\n\n\n<p class=\"no-textdecoration\"><br>Umsatzsteueridentifikationsnummer nach Paragraph 27 a des Umsatzsteuergesetzes:<br>DE 298130755<\/p>\n\n\n\n<p><strong><em>Amtsgericht:<\/em><\/strong><br>Amtsgericht M\u00fcnchen HRB 215984<br>Gesch\u00e4ftsf\u00fchrer:<br>Mathilde Gaugele, Hermann Gaugele<\/p>\n\n\n\n<p><strong><em>Copyright:<\/em><\/strong><br>Alle Daten dieser Website genie\u00dfen urheberrechtlichen Schutz. Jede Bearbeitung, Vervielf\u00e4ltigung, Verbreitung und \/ oder \u00f6ffentliche Wiedergabe bedarf einer ausdr\u00fccklichen schriftlichen Freigabe.<\/p>\n\n\n\n<p><strong><em>Haftungshinweis:<\/em><\/strong><br>Trotz sorgf\u00e4ltiger inhaltlicher Kontrolle \u00fcbernehmen wir keine Haftung f\u00fcr die Inhalte externer Links. F\u00fcr den Inhalt der verlinkten Seiten sind ausschlie\u00dflich deren Betreiber verantwortlich.<\/p>\n","protected":false},"excerpt":{"rendered":"<p>Impressum Gaugele GmbH GAUGELE GMBHSeeshaupter Str. 2082393 Iffeldorf Tel: Fax: &#105;&#x6e;&#x66;o&#64;&#x67;a&#117;&#x67;e&#108;&#x65;&#46;&#99;&#x6f;&#x6d;www.gaugele.com Inhaltlich Verantwortliche gem. Paragraph 10 Absatz 3 MDStV:Hermann Gaugele Jun.GAUGELE GMBHSeeshaupter Str.2082393 Iffeldorf Umsatzsteueridentifikationsnummer nach Paragraph 27 a des Umsatzsteuergesetzes:DE 298130755 Amtsgericht:Amtsgericht M\u00fcnchen HRB 215984Gesch\u00e4ftsf\u00fchrer:Mathilde Gaugele, Hermann Gaugele Copyright:Alle Daten dieser Website genie\u00dfen urheberrechtlichen Schutz. Jede Bearbeitung, Vervielf\u00e4ltigung, Verbreitung und \/ oder \u00f6ffentliche Wiedergabe bedarf einer ausdr\u00fccklichen schriftlichen Freigabe. Haftungshinweis:Trotz sorgf\u00e4ltiger inhaltlicher Kontrolle \u00fcbernehmen wir keine Haftung f\u00fcr die Inhalte externer Links. F\u00fcr den Inhalt der verlinkten Seiten sind ausschlie\u00dflich deren Betreiber verantwortlich.<\/p>\n","protected":false},"author":1,"featured_media":0,"parent":0,"menu_order":7,"comment_status":"closed","ping_status":"closed","template":"","meta":{"footnotes":""},"class_list":["post-4224","page","type-page","status-publish","hentry"],"_links":{"self":[{"href":"https:\/\/www.gaugele.com\/ru\/wp-json\/wp\/v2\/pages\/4224","targetHints":{"allow":["GET"]}}],"collection":[{"href":"https:\/\/www.gaugele.com\/ru\/wp-json\/wp\/v2\/pages"}],"about":[{"href":"https:\/\/www.gaugele.com\/ru\/wp-json\/wp\/v2\/types\/page"}],"author":[{"embeddable":true,"href":"https:\/\/www.gaugele.com\/ru\/wp-json\/wp\/v2\/users\/1"}],"replies":[{"embeddable":true,"href":"https:\/\/www.gaugele.com\/ru\/wp-json\/wp\/v2\/comments?post=4224"}],"version-history":[{"count":4,"href":"https:\/\/www.gaugele.com\/ru\/wp-json\/wp\/v2\/pages\/4224\/revisions"}],"predecessor-version":[{"id":5488,"href":"https:\/\/www.gaugele.com\/ru\/wp-json\/wp\/v2\/pages\/4224\/revisions\/5488"}],"wp:attachment":[{"href":"https:\/\/www.gaugele.com\/ru\/wp-json\/wp\/v2\/media?parent=4224"}],"curies":[{"name":"wp","href":"https:\/\/api.w.org\/{rel}","templated":true}]}}